{"id":1274,"date":"2026-03-23T16:58:51","date_gmt":"2026-03-23T15:58:51","guid":{"rendered":"https:\/\/blancbleuhotels.com\/blanc-bleu-hotels-montenegro\/"},"modified":"2026-04-01T10:28:17","modified_gmt":"2026-04-01T08:28:17","slug":"crna-gora","status":"publish","type":"page","link":"https:\/\/blancbleuhotels.com\/me\/crna-gora\/","title":{"rendered":"BLANC BLEU HOTELS &#8211; Crna Gora"},"content":{"rendered":"<div class=\"wpb-content-wrapper\">[vc_row full_width=&#8221;stretch_row&#8221; content_placement=&#8221;middle&#8221; el_class=&#8221;hotels-rows&#8221;][vc_column width=&#8221;1\/2&#8243;][vc_column_text css=&#8221;&#8221; el_class=&#8221;hotels-heading&#8221;]Crna Gora<br \/>\n[\/vc_column_text][vc_column_text css=&#8221;&#8221; el_class=&#8221;hotels-divider&#8221;]__________[\/vc_column_text][vc_column_text css=&#8221;&#8221; el_class=&#8221;hotels-text&#8221;]<strong>Crna Gora je zasigurno jedna od najzanimljivijih turisti\u010dkih ta\u010daka na svijetu. Iako pokriva svega oko 14.000 km2 i ima tek oko 670.000 stanovnika, njen doprinos svjetskoj kulturnoj ba\u0161tini utoliko je i ve\u0107i.<\/strong><\/p>\n<p>Mediteranska gra\u0111evina koju karakteri\u0161e Stari grad, najljep\u0161a je u Budvi, Kotoru i Herceg Novom, koji Crnu Goru stavljaju na kartu centara sa vrijednijim kulturnim i religijskim spomenicima.<\/p>\n<p>Jadransko more je jedno od naj\u010distijih i najprozirnijih na svijetu, \u010dija flora i fauna mo\u017ee biti samo jo\u0161 jedna u nizu pozivnica. Jadran krije i \u010duva mnoge tajne i uspomene.<\/p>\n<p>Najtopliji Jadranski grad Ulcinj je srednjevjekovno utvr\u0111enje koga okru\u017euju mnoge romanti\u010dne legende i pri\u010de o ljudima koji su ga posje\u0107ivali, branili i osvajali.<\/p>\n<p>Bar, centar rane srednjevjekovne kulture, i najve\u0107a luka u ovom dijelu Jadrana. Stari dio grada biser je Crne Gore, i mjesto je koje morate posjetiti da biste u potpunosti osjetili atmosferu pro\u0161lih vremena koja se o\u010duvala i danas.[\/vc_column_text][\/vc_column][vc_column width=&#8221;1\/2&#8243;]<div class=\"vcex-image-carousel wpex-carousel wpex-carousel-images wpex-clr vcex-module owl-carousel arrwstyle-border arrwpos-abs hotels-images\" data-wpex-carousel=\"{&quot;center&quot;:&quot;true&quot;,&quot;slideBy&quot;:1,&quot;items&quot;:1,&quot;responsive&quot;:{&quot;0&quot;:{&quot;items&quot;:&quot;1&quot;},&quot;480&quot;:{&quot;items&quot;:1},&quot;768&quot;:{&quot;items&quot;:1},&quot;960&quot;:{&quot;items&quot;:1}},&quot;smartSpeed&quot;:500}\"><div class=\"wpex-carousel-slide\"><figure class=\"wpex-carousel-entry-media entry-media wpex-relative\"><a href=\"https:\/\/blancbleuhotels.com\/images\/blancbleu-hotels-montenegro-gallery-18.webp\" class=\"wpex-carousel-entry-img wpex-lightbox\" data-count=\"1\" data-show_title=\"false\"><img width=\"1067\" height=\"800\" src=\"https:\/\/blancbleuhotels.com\/images\/blancbleu-hotels-montenegro-gallery-18.webp\" class=\"wpex-align-middle skip-lazy\" alt=\"\" data-no-lazy=\"1\" srcset=\"https:\/\/blancbleuhotels.com\/images\/blancbleu-hotels-montenegro-gallery-18.webp 1067w, https:\/\/blancbleuhotels.com\/images\/blancbleu-hotels-montenegro-gallery-18-768x576.webp 768w\" sizes=\"(max-width: 1067px) 100vw, 1067px\" \/><\/a><\/figure><\/div><div class=\"wpex-carousel-slide\"><figure class=\"wpex-carousel-entry-media entry-media wpex-relative\"><a href=\"https:\/\/blancbleuhotels.com\/images\/blancbleu-hotels-montenegro-gallery-9.webp\" class=\"wpex-carousel-entry-img wpex-lightbox\" data-count=\"2\" data-show_title=\"false\"><img width=\"1200\" height=\"799\" src=\"https:\/\/blancbleuhotels.com\/images\/blancbleu-hotels-montenegro-gallery-9.webp\" class=\"wpex-align-middle skip-lazy\" alt=\"\" data-no-lazy=\"1\" srcset=\"https:\/\/blancbleuhotels.com\/images\/blancbleu-hotels-montenegro-gallery-9.webp 1200w, https:\/\/blancbleuhotels.com\/images\/blancbleu-hotels-montenegro-gallery-9-768x511.webp 768w\" sizes=\"(max-width: 1200px) 100vw, 1200px\" \/><\/a><\/figure><\/div><div class=\"wpex-carousel-slide\"><figure class=\"wpex-carousel-entry-media entry-media wpex-relative\"><a href=\"https:\/\/blancbleuhotels.com\/images\/blancbleu-hotels-montenegro-gallery-7.webp\" class=\"wpex-carousel-entry-img wpex-lightbox\" data-count=\"3\" data-show_title=\"false\"><img width=\"1200\" height=\"799\" src=\"https:\/\/blancbleuhotels.com\/images\/blancbleu-hotels-montenegro-gallery-7.webp\" class=\"wpex-align-middle skip-lazy\" alt=\"\" data-no-lazy=\"1\" srcset=\"https:\/\/blancbleuhotels.com\/images\/blancbleu-hotels-montenegro-gallery-7.webp 1200w, https:\/\/blancbleuhotels.com\/images\/blancbleu-hotels-montenegro-gallery-7-768x511.webp 768w\" sizes=\"(max-width: 1200px) 100vw, 1200px\" \/><\/a><\/figure><\/div><div class=\"wpex-carousel-slide\"><figure class=\"wpex-carousel-entry-media entry-media wpex-relative\"><a href=\"https:\/\/blancbleuhotels.com\/images\/blancbleu-hotels-montenegro-gallery-6.webp\" class=\"wpex-carousel-entry-img wpex-lightbox\" data-count=\"4\" data-show_title=\"false\"><img width=\"1200\" height=\"799\" src=\"https:\/\/blancbleuhotels.com\/images\/blancbleu-hotels-montenegro-gallery-6.webp\" class=\"wpex-align-middle skip-lazy\" alt=\"\" data-no-lazy=\"1\" srcset=\"https:\/\/blancbleuhotels.com\/images\/blancbleu-hotels-montenegro-gallery-6.webp 1200w, https:\/\/blancbleuhotels.com\/images\/blancbleu-hotels-montenegro-gallery-6-768x511.webp 768w\" sizes=\"(max-width: 1200px) 100vw, 1200px\" \/><\/a><\/figure><\/div><div class=\"wpex-carousel-slide\"><figure class=\"wpex-carousel-entry-media entry-media wpex-relative\"><a href=\"https:\/\/blancbleuhotels.com\/images\/blancbleu-hotels-montenegro-gallery-4.webp\" class=\"wpex-carousel-entry-img wpex-lightbox\" data-count=\"5\" data-show_title=\"false\"><img width=\"1200\" height=\"799\" src=\"https:\/\/blancbleuhotels.com\/images\/blancbleu-hotels-montenegro-gallery-4.webp\" class=\"wpex-align-middle skip-lazy\" alt=\"\" data-no-lazy=\"1\" srcset=\"https:\/\/blancbleuhotels.com\/images\/blancbleu-hotels-montenegro-gallery-4.webp 1200w, https:\/\/blancbleuhotels.com\/images\/blancbleu-hotels-montenegro-gallery-4-768x511.webp 768w\" sizes=\"(max-width: 1200px) 100vw, 1200px\" \/><\/a><\/figure><\/div><div class=\"wpex-carousel-slide\"><figure class=\"wpex-carousel-entry-media entry-media wpex-relative\"><a href=\"https:\/\/blancbleuhotels.com\/images\/blancbleu-hotels-montenegro-gallery-2.webp\" class=\"wpex-carousel-entry-img wpex-lightbox\" data-count=\"6\" data-show_title=\"false\"><img width=\"1200\" height=\"799\" src=\"https:\/\/blancbleuhotels.com\/images\/blancbleu-hotels-montenegro-gallery-2.webp\" class=\"wpex-align-middle skip-lazy\" alt=\"\" data-no-lazy=\"1\" srcset=\"https:\/\/blancbleuhotels.com\/images\/blancbleu-hotels-montenegro-gallery-2.webp 1200w, https:\/\/blancbleuhotels.com\/images\/blancbleu-hotels-montenegro-gallery-2-768x511.webp 768w\" sizes=\"(max-width: 1200px) 100vw, 1200px\" \/><\/a><\/figure><\/div><div class=\"wpex-carousel-slide\"><figure class=\"wpex-carousel-entry-media entry-media wpex-relative\"><a href=\"https:\/\/blancbleuhotels.com\/images\/blancbleu-hotels-montenegro-gallery-1.webp\" class=\"wpex-carousel-entry-img wpex-lightbox\" data-count=\"7\" data-show_title=\"false\"><img width=\"1067\" height=\"800\" src=\"https:\/\/blancbleuhotels.com\/images\/blancbleu-hotels-montenegro-gallery-1.webp\" class=\"wpex-align-middle skip-lazy\" alt=\"\" data-no-lazy=\"1\" srcset=\"https:\/\/blancbleuhotels.com\/images\/blancbleu-hotels-montenegro-gallery-1.webp 1067w, https:\/\/blancbleuhotels.com\/images\/blancbleu-hotels-montenegro-gallery-1-768x576.webp 768w\" sizes=\"(max-width: 1067px) 100vw, 1067px\" \/><\/a><\/figure><\/div><\/div>[\/vc_column][\/vc_row][vc_row full_width=&#8221;stretch_row&#8221; content_placement=&#8221;middle&#8221; el_class=&#8221;hotels-rows1&#8243;][vc_column width=&#8221;1\/2&#8243;][vc_column_text css=&#8221;&#8221; el_class=&#8221;hotels-text&#8221;]Budva, koja svojom rivijerom spada u red najljep\u0161ih mediteranskih turisti\u010dkih centara, danas je biser na Jadranskoj obali. Grad hotel Sveti Stefan, ostrvo turisti\u010dki kompleks Sveti Nikola, popularno nazvan Havaji, uz dvije i po hiljade godina staru istoriju grada prava su obilje\u017eija Budvanske rivijere koju karakteri\u0161u godi\u0161nje temperature jednake onima na francuskoj i italijanskoj rivijeri.<\/p>\n<p>Kotor, grad pod za\u0161titom UNESCO-a, danas spada u red najposje\u0107eniji Jadranskih naselja i gotovo je neizostavan dio bilo kakvog programa mediteranskog krstarenja. Izvrsna arhitektura, mno\u0161tvo gra\u0111evina gotskog, romanskog, renesansnog i baroknog stila \u010dine ga najinteresantnijim gradom na isto\u010dnoj Jadranskoj obali.<\/p>\n<p>Herceg Novi, najsjeverniji crnogorski Jadranski grad, stepenasto izdignut iznad predivnog ulaza u Bokokotorski zaliv, pamti \u0161panske, francuske, austro-ugarske, otomanske i mleta\u010dke imperije, pa se uticaj svih ovih civilizacija i danas osje\u0107a u kulturi Herceg Novog; ovo je grad sa 300 sun\u010danih dana u godini, sa srednjom godi\u0161njom temperaturom od 16,2 C\u00b0, i maslinjacima koje mo\u017eete prona\u0107i na 520m nadmorske visine.[\/vc_column_text][\/vc_column][vc_column width=&#8221;1\/2&#8243;]<div class=\"vcex-image-carousel wpex-carousel wpex-carousel-images wpex-clr vcex-module owl-carousel arrwstyle-border arrwpos-abs hotels-images\" data-wpex-carousel=\"{&quot;center&quot;:&quot;true&quot;,&quot;slideBy&quot;:1,&quot;items&quot;:1,&quot;responsive&quot;:{&quot;0&quot;:{&quot;items&quot;:&quot;1&quot;},&quot;480&quot;:{&quot;items&quot;:1},&quot;768&quot;:{&quot;items&quot;:1},&quot;960&quot;:{&quot;items&quot;:1}},&quot;smartSpeed&quot;:500}\"><div class=\"wpex-carousel-slide\"><figure class=\"wpex-carousel-entry-media entry-media wpex-relative\"><a href=\"https:\/\/blancbleuhotels.com\/images\/blancbleu-hotels-montenegro-gallery-0.webp\" class=\"wpex-carousel-entry-img wpex-lightbox\" data-count=\"1\" data-show_title=\"false\"><img width=\"1067\" height=\"800\" src=\"https:\/\/blancbleuhotels.com\/images\/blancbleu-hotels-montenegro-gallery-0.webp\" class=\"wpex-align-middle skip-lazy\" alt=\"\" data-no-lazy=\"1\" srcset=\"https:\/\/blancbleuhotels.com\/images\/blancbleu-hotels-montenegro-gallery-0.webp 1067w, https:\/\/blancbleuhotels.com\/images\/blancbleu-hotels-montenegro-gallery-0-768x576.webp 768w\" sizes=\"(max-width: 1067px) 100vw, 1067px\" \/><\/a><\/figure><\/div><div class=\"wpex-carousel-slide\"><figure class=\"wpex-carousel-entry-media entry-media wpex-relative\"><a href=\"https:\/\/blancbleuhotels.com\/images\/blancbleu-hotels-montenegro-gallery-3.webp\" class=\"wpex-carousel-entry-img wpex-lightbox\" data-count=\"2\" data-show_title=\"false\"><img width=\"1200\" height=\"799\" src=\"https:\/\/blancbleuhotels.com\/images\/blancbleu-hotels-montenegro-gallery-3.webp\" class=\"wpex-align-middle skip-lazy\" alt=\"\" data-no-lazy=\"1\" srcset=\"https:\/\/blancbleuhotels.com\/images\/blancbleu-hotels-montenegro-gallery-3.webp 1200w, https:\/\/blancbleuhotels.com\/images\/blancbleu-hotels-montenegro-gallery-3-768x511.webp 768w\" sizes=\"(max-width: 1200px) 100vw, 1200px\" \/><\/a><\/figure><\/div><div class=\"wpex-carousel-slide\"><figure class=\"wpex-carousel-entry-media entry-media wpex-relative\"><a href=\"https:\/\/blancbleuhotels.com\/images\/blancbleu-hotels-montenegro-gallery-5.webp\" class=\"wpex-carousel-entry-img wpex-lightbox\" data-count=\"3\" data-show_title=\"false\"><img width=\"1200\" height=\"799\" src=\"https:\/\/blancbleuhotels.com\/images\/blancbleu-hotels-montenegro-gallery-5.webp\" class=\"wpex-align-middle skip-lazy\" alt=\"\" data-no-lazy=\"1\" srcset=\"https:\/\/blancbleuhotels.com\/images\/blancbleu-hotels-montenegro-gallery-5.webp 1200w, https:\/\/blancbleuhotels.com\/images\/blancbleu-hotels-montenegro-gallery-5-768x511.webp 768w\" sizes=\"(max-width: 1200px) 100vw, 1200px\" \/><\/a><\/figure><\/div><div class=\"wpex-carousel-slide\"><figure class=\"wpex-carousel-entry-media entry-media wpex-relative\"><a href=\"https:\/\/blancbleuhotels.com\/images\/blancbleu-hotels-montenegro-gallery-12.webp\" class=\"wpex-carousel-entry-img wpex-lightbox\" data-count=\"4\" data-show_title=\"false\"><img width=\"1067\" height=\"800\" src=\"https:\/\/blancbleuhotels.com\/images\/blancbleu-hotels-montenegro-gallery-12.webp\" class=\"wpex-align-middle skip-lazy\" alt=\"\" data-no-lazy=\"1\" srcset=\"https:\/\/blancbleuhotels.com\/images\/blancbleu-hotels-montenegro-gallery-12.webp 1067w, https:\/\/blancbleuhotels.com\/images\/blancbleu-hotels-montenegro-gallery-12-768x576.webp 768w\" sizes=\"(max-width: 1067px) 100vw, 1067px\" \/><\/a><\/figure><\/div><div class=\"wpex-carousel-slide\"><figure class=\"wpex-carousel-entry-media entry-media wpex-relative\"><a href=\"https:\/\/blancbleuhotels.com\/images\/blancbleu-hotels-montenegro-gallery-13.webp\" class=\"wpex-carousel-entry-img wpex-lightbox\" data-count=\"5\" data-show_title=\"false\"><img width=\"1200\" height=\"799\" src=\"https:\/\/blancbleuhotels.com\/images\/blancbleu-hotels-montenegro-gallery-13.webp\" class=\"wpex-align-middle skip-lazy\" alt=\"\" data-no-lazy=\"1\" srcset=\"https:\/\/blancbleuhotels.com\/images\/blancbleu-hotels-montenegro-gallery-13.webp 1200w, https:\/\/blancbleuhotels.com\/images\/blancbleu-hotels-montenegro-gallery-13-768x511.webp 768w\" sizes=\"(max-width: 1200px) 100vw, 1200px\" \/><\/a><\/figure><\/div><div class=\"wpex-carousel-slide\"><figure class=\"wpex-carousel-entry-media entry-media wpex-relative\"><a href=\"https:\/\/blancbleuhotels.com\/images\/blancbleu-hotels-montenegro-gallery-14.webp\" class=\"wpex-carousel-entry-img wpex-lightbox\" data-count=\"6\" data-show_title=\"false\"><img width=\"1200\" height=\"799\" src=\"https:\/\/blancbleuhotels.com\/images\/blancbleu-hotels-montenegro-gallery-14.webp\" class=\"wpex-align-middle skip-lazy\" alt=\"\" data-no-lazy=\"1\" srcset=\"https:\/\/blancbleuhotels.com\/images\/blancbleu-hotels-montenegro-gallery-14.webp 1200w, https:\/\/blancbleuhotels.com\/images\/blancbleu-hotels-montenegro-gallery-14-768x511.webp 768w\" sizes=\"(max-width: 1200px) 100vw, 1200px\" \/><\/a><\/figure><\/div><div class=\"wpex-carousel-slide\"><figure class=\"wpex-carousel-entry-media entry-media wpex-relative\"><a href=\"https:\/\/blancbleuhotels.com\/images\/blancbleu-hotels-montenegro-gallery-15.webp\" class=\"wpex-carousel-entry-img wpex-lightbox\" data-count=\"7\" data-show_title=\"false\"><img width=\"1067\" height=\"800\" src=\"https:\/\/blancbleuhotels.com\/images\/blancbleu-hotels-montenegro-gallery-15.webp\" class=\"wpex-align-middle skip-lazy\" alt=\"\" data-no-lazy=\"1\" srcset=\"https:\/\/blancbleuhotels.com\/images\/blancbleu-hotels-montenegro-gallery-15.webp 1067w, https:\/\/blancbleuhotels.com\/images\/blancbleu-hotels-montenegro-gallery-15-768x576.webp 768w\" sizes=\"(max-width: 1067px) 100vw, 1067px\" \/><\/a><\/figure><\/div><\/div>[\/vc_column][\/vc_row][vc_row full_width=&#8221;stretch_row&#8221; content_placement=&#8221;middle&#8221; el_class=&#8221;hotels-rows&#8221;][vc_column width=&#8221;1\/2&#8243;][vc_column_text css=&#8221;&#8221; el_class=&#8221;hotels-text&#8221;]No, iako je najeksponiranija i za ljetnji turizam najinteresantnija, crnogorska obala je samo jedan dio onoga \u0161to Crna Gora mo\u017ee ponuditi turistima, avanturistima i istra\u017eiva\u010dima. Tek kada se za\u0111e iza uskog primorskog pojasa nad kojim se uzdi\u017eu Lov\u0107en, Orjen i Rumija, po\u010dinje put upoznavanja drugog dijela Crne Gore.<\/p>\n<p>Crnogorski sjever bogat vazdu\u0161nim banjama i ljekovitim biljem, danas je malo ostrvo Evrope koje \u0107e vam poslu\u017eiti i kao uto\u010di\u0161te u zdrav i prirodan \u017eivot i koji \u0107e vam vratiti snagu svje\u017einom koju donosi priroda i toplinom kojom odi\u0161u ljudi kao nigdje na svijetu.<br \/>\nSjever Crne Gore je bogat planinama, ima prelijepe i netaknute nacionalne parkove (Durmitor, Biogradska gora, Skadarko jezero), kanjone (Tara, Nevidio), i mno\u0161tvo rijeka, jezera i skrivenih dragulja koji prosto vape za istra\u017eivanjem i posjetiocima.<\/p>\n<p>Crna Gora vas \u010deka da je istra\u017eite i osjetite njene \u010dari koje nesebi\u010dno pru\u017ea.[\/vc_column_text][\/vc_column][vc_column width=&#8221;1\/2&#8243;]<div class=\"vcex-image-carousel wpex-carousel wpex-carousel-images wpex-clr vcex-module owl-carousel arrwstyle-border arrwpos-abs hotels-images\" data-wpex-carousel=\"{&quot;center&quot;:&quot;true&quot;,&quot;slideBy&quot;:1,&quot;items&quot;:1,&quot;responsive&quot;:{&quot;0&quot;:{&quot;items&quot;:&quot;1&quot;},&quot;480&quot;:{&quot;items&quot;:1},&quot;768&quot;:{&quot;items&quot;:1},&quot;960&quot;:{&quot;items&quot;:1}},&quot;smartSpeed&quot;:500}\"><div class=\"wpex-carousel-slide\"><figure class=\"wpex-carousel-entry-media entry-media wpex-relative\"><a href=\"https:\/\/blancbleuhotels.com\/images\/blancbleu-hotels-montenegro-gallery-8.webp\" class=\"wpex-carousel-entry-img wpex-lightbox\" data-count=\"1\" data-show_title=\"false\"><img width=\"1200\" height=\"799\" src=\"https:\/\/blancbleuhotels.com\/images\/blancbleu-hotels-montenegro-gallery-8.webp\" class=\"wpex-align-middle skip-lazy\" alt=\"\" data-no-lazy=\"1\" srcset=\"https:\/\/blancbleuhotels.com\/images\/blancbleu-hotels-montenegro-gallery-8.webp 1200w, https:\/\/blancbleuhotels.com\/images\/blancbleu-hotels-montenegro-gallery-8-768x511.webp 768w\" sizes=\"(max-width: 1200px) 100vw, 1200px\" \/><\/a><\/figure><\/div><div class=\"wpex-carousel-slide\"><figure class=\"wpex-carousel-entry-media entry-media wpex-relative\"><a href=\"https:\/\/blancbleuhotels.com\/images\/blancbleu-hotels-montenegro-gallery-16.webp\" class=\"wpex-carousel-entry-img wpex-lightbox\" data-count=\"2\" data-show_title=\"false\"><img width=\"1200\" height=\"800\" src=\"https:\/\/blancbleuhotels.com\/images\/blancbleu-hotels-montenegro-gallery-16.webp\" class=\"wpex-align-middle skip-lazy\" alt=\"\" data-no-lazy=\"1\" srcset=\"https:\/\/blancbleuhotels.com\/images\/blancbleu-hotels-montenegro-gallery-16.webp 1200w, https:\/\/blancbleuhotels.com\/images\/blancbleu-hotels-montenegro-gallery-16-768x512.webp 768w\" sizes=\"(max-width: 1200px) 100vw, 1200px\" \/><\/a><\/figure><\/div><div class=\"wpex-carousel-slide\"><figure class=\"wpex-carousel-entry-media entry-media wpex-relative\"><a href=\"https:\/\/blancbleuhotels.com\/images\/blancbleu-hotels-montenegro-gallery-17.webp\" class=\"wpex-carousel-entry-img wpex-lightbox\" data-count=\"3\" data-show_title=\"false\"><img width=\"1067\" height=\"800\" src=\"https:\/\/blancbleuhotels.com\/images\/blancbleu-hotels-montenegro-gallery-17.webp\" class=\"wpex-align-middle skip-lazy\" alt=\"\" data-no-lazy=\"1\" srcset=\"https:\/\/blancbleuhotels.com\/images\/blancbleu-hotels-montenegro-gallery-17.webp 1067w, https:\/\/blancbleuhotels.com\/images\/blancbleu-hotels-montenegro-gallery-17-768x576.webp 768w\" sizes=\"(max-width: 1067px) 100vw, 1067px\" \/><\/a><\/figure><\/div><\/div>[\/vc_column][\/vc_row][vc_row full_width=&#8221;stretch_row&#8221; content_placement=&#8221;middle&#8221; el_class=&#8221;hotels-rows&#8221; local_scroll_id=&#8221;mne&#8221; el_id=&#8221;mne&#8221;][vc_column][vc_column_text css=&#8221;&#8221; el_class=&#8221;hotels-heading&#8221;]Na\u0161a kolekcija[\/vc_column_text][vc_column_text css=&#8221;&#8221; el_class=&#8221;hotels-divider&#8221;]__________[\/vc_column_text][\/vc_column][vc_column offset=&#8221;vc_col-sm-offset-0&#8243;]<div class=\"templatera_shortcode\"><style type=\"text\/css\" data-type=\"vc_shortcodes-custom-css\">.vc_custom_1775031927140{padding-top: 50px !important;padding-bottom: 50px !important;}.vc_custom_1775031939521{padding-top: 50px !important;padding-bottom: 50px !important;}<\/style><div class=\"vc_row wpb_row vc_row-fluid wpex-relative\"><div class=\"wpb_column vc_column_container vc_col-sm-12\"><div class=\"vc_column-inner\"><div class=\"wpb_wrapper\"><div class=\"vcex-grid-container vcex-module wpex-grid wpex-gap-20 wpex-grid-cols-1 wpex-lg-grid-cols-2 wpex-mb-0\">\n\t<div class=\"wpb_raw_code wpb_raw_html wpb_content_element vc_custom_1775031927140\" >\n\t\t<div class=\"wpb_wrapper\">\n\t\t\t<div class=\"hotel-room-grid-item\">\r\n    <div class=\"hotel-room-box\">\r\n        <img src=\"https:\/\/blancbleuhotels.com\/images\/blancbleu-hotel-capitano-3.webp\" alt=\"Hotel Capitano\" class=\"hotel-room-image\">\r\n        <div class=\"hotel-room-overlay\"><\/div>\r\n        <div class=\"hotel-room-content\">\r\n            <h3 class=\"hotels-heading-rooms\">Hotel Capitano<\/h3>\r\n            <p class=\"hotels-text-rooms\">Kamenari, Montenegro<\/p>\r\n            <a href=\"https:\/\/blancbleuhotels.com\/me\/hotel-capitano\/\" class=\"rooms-look\">POGLEDAJ<\/a>\r\n            <a href=\"https:\/\/secure.phobs.net\/book.php?company_id=0c71d079f737a2cc375b3f423b8a0e2c&hotel=77d944e4832fa6765c8aefa965ee6c67&lang=me\" class=\"rooms-reserve\" target=\"_blank\" rel=\"sponsored follow\">REZERVI\u0160I<\/a>\r\n        <\/div>\r\n    <\/div>\r\n<\/div>\n\t\t<\/div>\n\t<\/div>\n\n\t<div class=\"wpb_raw_code wpb_raw_html wpb_content_element vc_custom_1775031939521\" >\n\t\t<div class=\"wpb_wrapper\">\n\t\t\t<div class=\"hotel-room-grid-item\">\r\n    <div class=\"hotel-room-box\">\r\n        <img src=\"https:\/\/blancbleuhotels.com\/images\/blancbleu-hotel-blance-27.JPEG.webp\" alt=\"Hotel Blanche\" class=\"hotel-room-image\">\r\n        <div class=\"hotel-room-overlay\"><\/div>\r\n        <div class=\"hotel-room-content\">\r\n            <h3 class=\"hotels-heading-rooms\">Hotel Blanche<\/h3>\r\n            <p class=\"hotels-text-rooms\">Bijela, Montenegro<\/p>\r\n            <a href=\"https:\/\/blancbleuhotels.com\/me\/hotel-blanche\/\" class=\"rooms-look\">POGLEDAJ<\/a>\r\n            <a href=\"https:\/\/secure.phobs.net\/book.php?company_id=0c71d079f737a2cc375b3f423b8a0e2c&hotel=dc8b58fc38811ae45468a256793f214c&lang=me\" class=\"rooms-reserve\" target=\"_blank\" rel=\"sponsored follow\">REZERVI\u0160I<\/a>\r\n        <\/div>\r\n    <\/div>\r\n<\/div>\n\t\t<\/div>\n\t<\/div>\n<\/div><\/div><\/div><\/div><\/div><\/div>[\/vc_column][\/vc_row]\n<\/div>","protected":false},"excerpt":{"rendered":"","protected":false},"author":1,"featured_media":591,"parent":0,"menu_order":0,"comment_status":"closed","ping_status":"closed","template":"","meta":{"footnotes":""},"class_list":["post-1274","page","type-page","status-publish","has-post-thumbnail","hentry","entry","no-media"],"_links":{"self":[{"href":"https:\/\/blancbleuhotels.com\/me\/wp-json\/wp\/v2\/pages\/1274","targetHints":{"allow":["GET"]}}],"collection":[{"href":"https:\/\/blancbleuhotels.com\/me\/wp-json\/wp\/v2\/pages"}],"about":[{"href":"https:\/\/blancbleuhotels.com\/me\/wp-json\/wp\/v2\/types\/page"}],"author":[{"embeddable":true,"href":"https:\/\/blancbleuhotels.com\/me\/wp-json\/wp\/v2\/users\/1"}],"replies":[{"embeddable":true,"href":"https:\/\/blancbleuhotels.com\/me\/wp-json\/wp\/v2\/comments?post=1274"}],"version-history":[{"count":14,"href":"https:\/\/blancbleuhotels.com\/me\/wp-json\/wp\/v2\/pages\/1274\/revisions"}],"predecessor-version":[{"id":1734,"href":"https:\/\/blancbleuhotels.com\/me\/wp-json\/wp\/v2\/pages\/1274\/revisions\/1734"}],"wp:featuredmedia":[{"embeddable":true,"href":"https:\/\/blancbleuhotels.com\/me\/wp-json\/wp\/v2\/media\/591"}],"wp:attachment":[{"href":"https:\/\/blancbleuhotels.com\/me\/wp-json\/wp\/v2\/media?parent=1274"}],"curies":[{"name":"wp","href":"https:\/\/api.w.org\/{rel}","templated":true}]}}