{"id":633,"date":"2026-03-18T10:07:25","date_gmt":"2026-03-18T09:07:25","guid":{"rendered":"https:\/\/blancbleuhotels.com\/dvokrevetna-soba-sa-pogledom-na-more\/"},"modified":"2026-03-24T15:04:03","modified_gmt":"2026-03-24T14:04:03","slug":"dvokrevetna-soba-sa-pogledom-na-more","status":"publish","type":"page","link":"https:\/\/blancbleuhotels.com\/me\/hotel-capitano\/dvokrevetna-soba-sa-pogledom-na-more\/","title":{"rendered":"BLANC BLEU HOTELS &#8211; Hotel Capitano &#8211; Dvokrevetna soba sa pogledom na more"},"content":{"rendered":"<div class=\"wpb-content-wrapper\">[vc_row full_width=&#8221;stretch_row_content&#8221; content_placement=&#8221;middle&#8221; column_spacing=&#8221;0px&#8221; el_class=&#8221;row-menu-hotels-mobile&#8221; css=&#8221;.vc_custom_1773830492741{padding-top: 30px !important;padding-bottom: 30px !important;}&#8221; wpex_bg_color=&#8221;#ffffff&#8221;][vc_column css=&#8221;.vc_custom_1773823195952{padding-top: 10px !important;padding-bottom: 10px !important;}&#8221;][vc_column_text css=&#8221;&#8221; text_align=&#8221;center&#8221; line_height=&#8221;tight&#8221; font_size=&#8221;d:4xl|tp:3xl|pl:2xl&#8221; font_family=&#8221;ref-eb-garamond&#8221; color=&#8221;#0e275a&#8221; font_weight=&#8221;700&#8243;]BLANC &amp; BLEU HOTELS<br \/>\nHOTEL CAPITANO[\/vc_column_text][\/vc_column][\/vc_row][vc_row full_width=&#8221;stretch_row_content&#8221; content_placement=&#8221;middle&#8221; column_spacing=&#8221;0px&#8221; el_class=&#8221;row-menu-hotels&#8221;][vc_column]<style>.vcex-navbar.vcex_69f20fd7050b7{background:#b0974a;font-size:18px;}.vcex-navbar.vcex_69f20fd7050b7 a.vcex-navbar-link{padding:15px;color:#ffffff;text-decoration-line:none;line-height:var(--wpex-leading-normal);}.vcex-navbar.vcex_69f20fd7050b7 a.vcex-navbar-link:is(:hover,.active){color:#eeeeee;}.vcex-navbar.vcex_69f20fd7050b7 a.vcex-navbar-link:is(:active,.active){color:#eeeeee;text-decoration-line:none;}.vcex-navbar.vcex_69f20fd7050b7 a.vcex-navbar-link:hover{text-decoration-line:none;}.is-sticky > .vcex-navbar.vcex_69f20fd7050b7{background-color:#b0974abf!important;}<\/style><nav class=\"vcex-navbar vcex-module vcex-navbar-sticky wpex-transition-opacity wpex-duration-300 wpex-mb-0 button-menu-hotels vcex_69f20fd7050b7\"><div class=\"vcex-navbar-inner wpex-flex wpex-flex-wrap wpex-items-center wpex-md-items-start wpex-md-justify-center wpex-gap-x-20 wpex-gap-y-5 wpex-flex-col wpex-md-flex-row container\"><a href=\"https:\/\/secure.phobs.net\/book.php?company_id=0c71d079f737a2cc375b3f423b8a0e2c&#038;hotel=77d944e4832fa6765c8aefa965ee6c67&#038;lang=me&#038;unit_select=1&#038;unit_id=26720\" class=\"vcex-navbar-link vcex-navbar-link--1063 wpex-block theme-txt-link wpex-text-1em wpex-rounded-0 button-menu\" target=\"_blank\" rel=\"noopener noreferrer\"><span class=\"vcex-navbar-link-text\">Rezervi\u0161i<\/span><\/a><\/div><\/nav>[\/vc_column][\/vc_row][vc_row full_width=&#8221;stretch_row&#8221; content_placement=&#8221;middle&#8221; el_class=&#8221;hotels-rows&#8221;][vc_column][vc_column_text css=&#8221;&#8221; el_class=&#8221;hotels-heading&#8221;]Dvokrevetna soba sa pogledom na more (20 m\u00b2)[\/vc_column_text][vc_column_text css=&#8221;&#8221; el_class=&#8221;hotels-divider&#8221;]__________[\/vc_column_text][vc_column_text css=&#8221;&#8221; el_class=&#8221;hotels-text&#8221;]Spratovi dostupni: Prvi (I) i Drugi (II) sprat<\/p>\n<p>Dvokrevetna soba ima kapacitet za dvije osobe i nudimo \u010detiri sobe ovog tipa.<br \/>\nSa prozora se pru\u017ea pogled na more i lokalnu trajektnu luku.<br \/>\nSoba ima bra\u010dni krevet, dok pomo\u0107ni le\u017eajevi ili dje\u010diji kreveti\u0107i nisu dostupni.<br \/>\nSve sobe imaju flat-screen TV sa kablovskim\/satelitskim kanalima, Wi-Fi, mini bar, kuhalo za vodu, moderno osvjetljenje, klima ure\u0111aj i sef.<br \/>\nPrivatna kupatila sa tu\u0161em opremljena su kvalitetnom kozmetikom, fenom za kosu, bademantilom i papu\u010dama.<\/p>\n<p>Veli\u010dina sobe: 20 m\u00b2.[\/vc_column_text][\/vc_column][vc_column]<div class=\"vcex-image-grid-wrap\"><div class=\"vcex-module vcex-image-grid grid-style-masonry wpex-row wpex-clr vcex-isotope-grid no-transition wpex-overflow-hidden\" data-transition-duration=\"0.0\" data-horizontal-order=\"false\"><div class=\"id-634 vcex-image-grid-entry vcex-grid-item vcex-isotope-entry wpex-text-center span_1_of_4 span_1_of_4_tl span_1_of_4_tp span_1_of_3_pl span_1_of_2_pp col col-1\"><figure class=\"vcex-image-grid-entry-figure wpex-last-mb-0 wpex-clr\"><div class=\"vcex-image-grid-entry-img entry-media wpex-relative wpex-rounded wpex-mb-20\"><a href=\"https:\/\/blancbleuhotels.com\/images\/blancbleu-hotel-capitano-double-room-8.webp\" class=\"vcex-image-grid-entry-link wpex-lightbox\" ><img width=\"1024\" height=\"683\" src=\"https:\/\/blancbleuhotels.com\/images\/blancbleu-hotel-capitano-double-room-8.webp\" class=\"wpex-align-middle wpex-rounded wpex-shadow-2xl wpex-transition-shadow wpex-duration-300 wpex-hover-shadow-none skip-lazy\" alt=\"\" data-no-lazy=\"1\" srcset=\"https:\/\/blancbleuhotels.com\/images\/blancbleu-hotel-capitano-double-room-8.webp 1024w, https:\/\/blancbleuhotels.com\/images\/blancbleu-hotel-capitano-double-room-8-768x512.webp 768w\" sizes=\"(max-width: 1024px) 100vw, 1024px\" \/><\/a><\/div><\/figure><\/div><div class=\"id-716 vcex-image-grid-entry vcex-grid-item vcex-isotope-entry wpex-text-center span_1_of_4 span_1_of_4_tl span_1_of_4_tp span_1_of_3_pl span_1_of_2_pp col col-2\"><figure class=\"vcex-image-grid-entry-figure wpex-last-mb-0 wpex-clr\"><div class=\"vcex-image-grid-entry-img entry-media wpex-relative wpex-rounded wpex-mb-20\"><a href=\"https:\/\/blancbleuhotels.com\/images\/blancbleu-hotel-capitano-double-room-1.webp\" class=\"vcex-image-grid-entry-link wpex-lightbox\" ><img width=\"1024\" height=\"683\" src=\"https:\/\/blancbleuhotels.com\/images\/blancbleu-hotel-capitano-double-room-1.webp\" class=\"wpex-align-middle wpex-rounded wpex-shadow-2xl wpex-transition-shadow wpex-duration-300 wpex-hover-shadow-none skip-lazy\" alt=\"\" data-no-lazy=\"1\" srcset=\"https:\/\/blancbleuhotels.com\/images\/blancbleu-hotel-capitano-double-room-1.webp 1024w, https:\/\/blancbleuhotels.com\/images\/blancbleu-hotel-capitano-double-room-1-768x512.webp 768w\" sizes=\"(max-width: 1024px) 100vw, 1024px\" \/><\/a><\/div><\/figure><\/div><div class=\"id-732 vcex-image-grid-entry vcex-grid-item vcex-isotope-entry wpex-text-center span_1_of_4 span_1_of_4_tl span_1_of_4_tp span_1_of_3_pl span_1_of_2_pp col col-3\"><figure class=\"vcex-image-grid-entry-figure wpex-last-mb-0 wpex-clr\"><div class=\"vcex-image-grid-entry-img entry-media wpex-relative wpex-rounded wpex-mb-20\"><a href=\"https:\/\/blancbleuhotels.com\/images\/blancbleu-hotel-capitano-double-room-10.webp\" class=\"vcex-image-grid-entry-link wpex-lightbox\" ><img width=\"1024\" height=\"683\" src=\"https:\/\/blancbleuhotels.com\/images\/blancbleu-hotel-capitano-double-room-10.webp\" class=\"wpex-align-middle wpex-rounded wpex-shadow-2xl wpex-transition-shadow wpex-duration-300 wpex-hover-shadow-none skip-lazy\" alt=\"\" data-no-lazy=\"1\" srcset=\"https:\/\/blancbleuhotels.com\/images\/blancbleu-hotel-capitano-double-room-10.webp 1024w, https:\/\/blancbleuhotels.com\/images\/blancbleu-hotel-capitano-double-room-10-768x512.webp 768w\" sizes=\"(max-width: 1024px) 100vw, 1024px\" \/><\/a><\/div><\/figure><\/div><div class=\"id-718 vcex-image-grid-entry vcex-grid-item vcex-isotope-entry wpex-text-center span_1_of_4 span_1_of_4_tl span_1_of_4_tp span_1_of_3_pl span_1_of_2_pp col col-4\"><figure class=\"vcex-image-grid-entry-figure wpex-last-mb-0 wpex-clr\"><div class=\"vcex-image-grid-entry-img entry-media wpex-relative wpex-rounded wpex-mb-20\"><a href=\"https:\/\/blancbleuhotels.com\/images\/blancbleu-hotel-capitano-double-room-2.webp\" class=\"vcex-image-grid-entry-link wpex-lightbox\" ><img width=\"1024\" height=\"683\" src=\"https:\/\/blancbleuhotels.com\/images\/blancbleu-hotel-capitano-double-room-2.webp\" class=\"wpex-align-middle wpex-rounded wpex-shadow-2xl wpex-transition-shadow wpex-duration-300 wpex-hover-shadow-none skip-lazy\" alt=\"\" data-no-lazy=\"1\" srcset=\"https:\/\/blancbleuhotels.com\/images\/blancbleu-hotel-capitano-double-room-2.webp 1024w, https:\/\/blancbleuhotels.com\/images\/blancbleu-hotel-capitano-double-room-2-768x512.webp 768w\" sizes=\"(max-width: 1024px) 100vw, 1024px\" \/><\/a><\/div><\/figure><\/div><div class=\"id-730 vcex-image-grid-entry vcex-grid-item vcex-isotope-entry wpex-text-center span_1_of_4 span_1_of_4_tl span_1_of_4_tp span_1_of_3_pl span_1_of_2_pp col col-1\"><figure class=\"vcex-image-grid-entry-figure wpex-last-mb-0 wpex-clr\"><div class=\"vcex-image-grid-entry-img entry-media wpex-relative wpex-rounded wpex-mb-20\"><a href=\"https:\/\/blancbleuhotels.com\/images\/blancbleu-hotel-capitano-double-room-9.webp\" class=\"vcex-image-grid-entry-link wpex-lightbox\" ><img width=\"1024\" height=\"683\" src=\"https:\/\/blancbleuhotels.com\/images\/blancbleu-hotel-capitano-double-room-9.webp\" class=\"wpex-align-middle wpex-rounded wpex-shadow-2xl wpex-transition-shadow wpex-duration-300 wpex-hover-shadow-none skip-lazy\" alt=\"\" data-no-lazy=\"1\" srcset=\"https:\/\/blancbleuhotels.com\/images\/blancbleu-hotel-capitano-double-room-9.webp 1024w, https:\/\/blancbleuhotels.com\/images\/blancbleu-hotel-capitano-double-room-9-768x512.webp 768w\" sizes=\"(max-width: 1024px) 100vw, 1024px\" \/><\/a><\/div><\/figure><\/div><div class=\"id-728 vcex-image-grid-entry vcex-grid-item vcex-isotope-entry wpex-text-center span_1_of_4 span_1_of_4_tl span_1_of_4_tp span_1_of_3_pl span_1_of_2_pp col col-2\"><figure class=\"vcex-image-grid-entry-figure wpex-last-mb-0 wpex-clr\"><div class=\"vcex-image-grid-entry-img entry-media wpex-relative wpex-rounded wpex-mb-20\"><a href=\"https:\/\/blancbleuhotels.com\/images\/blancbleu-hotel-capitano-double-room-7.webp\" class=\"vcex-image-grid-entry-link wpex-lightbox\" ><img width=\"1024\" height=\"683\" src=\"https:\/\/blancbleuhotels.com\/images\/blancbleu-hotel-capitano-double-room-7.webp\" class=\"wpex-align-middle wpex-rounded wpex-shadow-2xl wpex-transition-shadow wpex-duration-300 wpex-hover-shadow-none skip-lazy\" alt=\"\" data-no-lazy=\"1\" srcset=\"https:\/\/blancbleuhotels.com\/images\/blancbleu-hotel-capitano-double-room-7.webp 1024w, https:\/\/blancbleuhotels.com\/images\/blancbleu-hotel-capitano-double-room-7-768x512.webp 768w\" sizes=\"(max-width: 1024px) 100vw, 1024px\" \/><\/a><\/div><\/figure><\/div><div class=\"id-720 vcex-image-grid-entry vcex-grid-item vcex-isotope-entry wpex-text-center span_1_of_4 span_1_of_4_tl span_1_of_4_tp span_1_of_3_pl span_1_of_2_pp col col-3\"><figure class=\"vcex-image-grid-entry-figure wpex-last-mb-0 wpex-clr\"><div class=\"vcex-image-grid-entry-img entry-media wpex-relative wpex-rounded wpex-mb-20\"><a href=\"https:\/\/blancbleuhotels.com\/images\/blancbleu-hotel-capitano-double-room-3-1.webp\" class=\"vcex-image-grid-entry-link wpex-lightbox\" ><img width=\"1024\" height=\"683\" src=\"https:\/\/blancbleuhotels.com\/images\/blancbleu-hotel-capitano-double-room-3-1.webp\" class=\"wpex-align-middle wpex-rounded wpex-shadow-2xl wpex-transition-shadow wpex-duration-300 wpex-hover-shadow-none skip-lazy\" alt=\"\" data-no-lazy=\"1\" srcset=\"https:\/\/blancbleuhotels.com\/images\/blancbleu-hotel-capitano-double-room-3-1.webp 1024w, https:\/\/blancbleuhotels.com\/images\/blancbleu-hotel-capitano-double-room-3-1-768x512.webp 768w\" sizes=\"(max-width: 1024px) 100vw, 1024px\" \/><\/a><\/div><\/figure><\/div><div class=\"id-726 vcex-image-grid-entry vcex-grid-item vcex-isotope-entry wpex-text-center span_1_of_4 span_1_of_4_tl span_1_of_4_tp span_1_of_3_pl span_1_of_2_pp col col-4\"><figure class=\"vcex-image-grid-entry-figure wpex-last-mb-0 wpex-clr\"><div class=\"vcex-image-grid-entry-img entry-media wpex-relative wpex-rounded wpex-mb-20\"><a href=\"https:\/\/blancbleuhotels.com\/images\/blancbleu-hotel-capitano-double-room-6-1.webp\" class=\"vcex-image-grid-entry-link wpex-lightbox\" ><img width=\"1024\" height=\"683\" src=\"https:\/\/blancbleuhotels.com\/images\/blancbleu-hotel-capitano-double-room-6-1.webp\" class=\"wpex-align-middle wpex-rounded wpex-shadow-2xl wpex-transition-shadow wpex-duration-300 wpex-hover-shadow-none skip-lazy\" alt=\"\" data-no-lazy=\"1\" srcset=\"https:\/\/blancbleuhotels.com\/images\/blancbleu-hotel-capitano-double-room-6-1.webp 1024w, https:\/\/blancbleuhotels.com\/images\/blancbleu-hotel-capitano-double-room-6-1-768x512.webp 768w\" sizes=\"(max-width: 1024px) 100vw, 1024px\" \/><\/a><\/div><\/figure><\/div><div class=\"id-722 vcex-image-grid-entry vcex-grid-item vcex-isotope-entry wpex-text-center span_1_of_4 span_1_of_4_tl span_1_of_4_tp span_1_of_3_pl span_1_of_2_pp col col-1\"><figure class=\"vcex-image-grid-entry-figure wpex-last-mb-0 wpex-clr\"><div class=\"vcex-image-grid-entry-img entry-media wpex-relative wpex-rounded wpex-mb-20\"><a href=\"https:\/\/blancbleuhotels.com\/images\/blancbleu-hotel-capitano-double-room-4.webp\" class=\"vcex-image-grid-entry-link wpex-lightbox\" ><img width=\"1024\" height=\"683\" src=\"https:\/\/blancbleuhotels.com\/images\/blancbleu-hotel-capitano-double-room-4.webp\" class=\"wpex-align-middle wpex-rounded wpex-shadow-2xl wpex-transition-shadow wpex-duration-300 wpex-hover-shadow-none skip-lazy\" alt=\"\" data-no-lazy=\"1\" srcset=\"https:\/\/blancbleuhotels.com\/images\/blancbleu-hotel-capitano-double-room-4.webp 1024w, https:\/\/blancbleuhotels.com\/images\/blancbleu-hotel-capitano-double-room-4-768x512.webp 768w\" sizes=\"(max-width: 1024px) 100vw, 1024px\" \/><\/a><\/div><\/figure><\/div><div class=\"id-724 vcex-image-grid-entry vcex-grid-item vcex-isotope-entry wpex-text-center span_1_of_4 span_1_of_4_tl span_1_of_4_tp span_1_of_3_pl span_1_of_2_pp col col-2\"><figure class=\"vcex-image-grid-entry-figure wpex-last-mb-0 wpex-clr\"><div class=\"vcex-image-grid-entry-img entry-media wpex-relative wpex-rounded wpex-mb-20\"><a href=\"https:\/\/blancbleuhotels.com\/images\/blancbleu-hotel-capitano-double-room-5.webp\" class=\"vcex-image-grid-entry-link wpex-lightbox\" ><img width=\"1024\" height=\"683\" src=\"https:\/\/blancbleuhotels.com\/images\/blancbleu-hotel-capitano-double-room-5.webp\" class=\"wpex-align-middle wpex-rounded wpex-shadow-2xl wpex-transition-shadow wpex-duration-300 wpex-hover-shadow-none skip-lazy\" alt=\"\" data-no-lazy=\"1\" srcset=\"https:\/\/blancbleuhotels.com\/images\/blancbleu-hotel-capitano-double-room-5.webp 1024w, https:\/\/blancbleuhotels.com\/images\/blancbleu-hotel-capitano-double-room-5-768x512.webp 768w\" sizes=\"(max-width: 1024px) 100vw, 1024px\" \/><\/a><\/div><\/figure><\/div><\/div><\/div>[\/vc_column][\/vc_row][vc_row][vc_column]<div class=\"templatera_shortcode\"><style type=\"text\/css\" data-type=\"vc_shortcodes-custom-css\">.vc_custom_1774255512289{padding-top: 50px !important;padding-bottom: 50px !important;}.vc_custom_1773827209194{margin-top: 30px !important;}<\/style><div id=\"rooms\" class=\"vc_row wpb_row vc_row-fluid hotels-rows1 vc_row-o-content-middle vc_row-flex wpex-vc-full-width-row wpex-vc-full-width-row--centered wpex-relative wpex-vc-has-custom-column-spacing wpex-vc-column-spacing-0px\" data-ls_id=\"#rooms\" tabindex=\"-1\"><div class=\"wpb_column vc_column_container vc_col-sm-12\"><div class=\"vc_column-inner\"><div class=\"wpb_wrapper\">\n\t<div class=\"wpb_text_column wpb_content_element hotels-heading\" >\n\t\t<div class=\"wpb_wrapper\">\n\t\t\t<p>Sobe - Hotel Capitano<\/p>\n\n\t\t<\/div>\n\t<\/div>\n\n\t<div class=\"wpb_text_column wpb_content_element hotels-divider\" >\n\t\t<div class=\"wpb_wrapper\">\n\t\t\t<p>__________<\/p>\n\n\t\t<\/div>\n\t<\/div>\n\n\t<div class=\"wpb_raw_code wpb_raw_html wpb_content_element vc_custom_1774255512289\" >\n\t\t<div class=\"wpb_wrapper\">\n\t\t\t<div class=\"hotel-rooms-carousel\">\r\n  <button class=\"hotel-rooms-arrow prev\" aria-label=\"Prethodna soba\">\u2039<\/button>\r\n\r\n  <div class=\"hotel-rooms-track\">\r\n\r\n    <div class=\"hotel-room-slide\">\r\n      <div class=\"hotel-room-box\">\r\n        <img src=\"https:\/\/blancbleuhotels.com\/images\/blancbleu-hotel-capitano-double-room-3.webp\" alt=\"Dvokrevetna soba sa pogledom na more\" class=\"hotel-room-image\">\r\n        <div class=\"hotel-room-overlay\"><\/div>\r\n        <div class=\"hotel-room-content\">\r\n          <h3 class=\"hotels-heading-rooms\">Dvokrevetna soba<\/h3>\r\n          <p class=\"hotels-text-rooms\">sa pogledom na more<\/p>\r\n          <a href=\"https:\/\/blancbleuhotels.com\/me\/hotel-capitano\/dvokrevetna-soba-sa-pogledom-na-more\/\" class=\"rooms-look\">POGLEDAJ<\/a>\r\n          <a href=\"https:\/\/secure.phobs.net\/book.php?company_id=0c71d079f737a2cc375b3f423b8a0e2c&hotel=77d944e4832fa6765c8aefa965ee6c67&lang=me&unit_select=1&unit_id=26720\" class=\"rooms-reserve\" target=\"_blank\" rel=\"sponsored follow\">REZERVI\u0160I<\/a>\r\n        <\/div>\r\n      <\/div>\r\n    <\/div>\r\n\r\n    <div class=\"hotel-room-slide\">\r\n      <div class=\"hotel-room-box\">\r\n        <img src=\"https:\/\/blancbleuhotels.com\/images\/blancbleu-hotel-capitano-deluxe-double-room-1.webp\" alt=\"Deluxe dvokrevetna soba sa pogledom na more\" class=\"hotel-room-image\">\r\n        <div class=\"hotel-room-overlay\"><\/div>\r\n        <div class=\"hotel-room-content\">\r\n          <h3 class=\"hotels-heading-rooms\">Deluxe dvokrevetna soba<\/h3>\r\n          <p class=\"hotels-text-rooms\">sa pogledom na more<\/p>\r\n          <a href=\"https:\/\/blancbleuhotels.com\/me\/hotel-capitano\/deluxe-dvokrevetna-soba-sa-pogledom-na-more\/\" class=\"rooms-look\">POGLEDAJ<\/a>\r\n          <a href=\"https:\/\/secure.phobs.net\/book.php?company_id=0c71d079f737a2cc375b3f423b8a0e2c&hotel=77d944e4832fa6765c8aefa965ee6c67&lang=me&unit_select=1&unit_id=26722\" class=\"rooms-reserve\" target=\"_blank\" rel=\"sponsored follow\">REZERVI\u0160I<\/a>\r\n        <\/div>\r\n      <\/div>\r\n    <\/div>\r\n\r\n    <div class=\"hotel-room-slide\">\r\n      <div class=\"hotel-room-box\">\r\n        <img src=\"https:\/\/blancbleuhotels.com\/images\/blancbleu-hotel-capitano-double-room-6.webp\" alt=\"Superior dvokrevetna soba sa terasom i pogledom na more\" class=\"hotel-room-image\">\r\n        <div class=\"hotel-room-overlay\"><\/div>\r\n        <div class=\"hotel-room-content\">\r\n          <h3 class=\"hotels-heading-rooms\">Superior dvokrevetna soba<\/h3>\r\n          <p class=\"hotels-text-rooms\">sa terasom i pogledom na more<\/p>\r\n          <a href=\"https:\/\/blancbleuhotels.com\/me\/hotel-capitano\/superior-dvokrevetna-soba-sa-terasom-i-pogledom-na-more\/\" class=\"rooms-look\">POGLEDAJ<\/a>\r\n          <a href=\"https:\/\/secure.phobs.net\/book.php?company_id=0c71d079f737a2cc375b3f423b8a0e2c&hotel=77d944e4832fa6765c8aefa965ee6c67&lang=me&unit_select=1&unit_id=26723\" class=\"rooms-reserve\" target=\"_blank\" rel=\"sponsored follow\">REZERVI\u0160I<\/a>\r\n        <\/div>\r\n      <\/div>\r\n    <\/div>\r\n\r\n  <\/div>\r\n\r\n  <button class=\"hotel-rooms-arrow next\" aria-label=\"Slede\u0107a soba\">\u203a<\/button>\r\n<\/div>\n\t\t<\/div>\n\t<\/div>\n\n\t<div class=\"wpb_raw_code wpb_raw_html wpb_content_element vc_custom_1773827209194\" >\n\t\t<div class=\"wpb_wrapper\">\n\t\t\t<script>\r\ndocument.addEventListener('DOMContentLoaded', function () {\r\n  document.querySelectorAll('.hotel-rooms-carousel').forEach(function (carousel) {\r\n    const track = carousel.querySelector('.hotel-rooms-track');\r\n    const prev = carousel.querySelector('.hotel-rooms-arrow.prev');\r\n    const next = carousel.querySelector('.hotel-rooms-arrow.next');\r\n\r\n    if (!track || !prev || !next) return;\r\n\r\n    function getGap() {\r\n      const styles = window.getComputedStyle(track);\r\n      return parseInt(styles.gap || styles.columnGap || 0, 10) || 0;\r\n    }\r\n\r\n    function getStep() {\r\n      const slide = carousel.querySelector('.hotel-room-slide');\r\n      if (!slide) return 300;\r\n      return slide.offsetWidth + getGap();\r\n    }\r\n\r\n    prev.addEventListener('click', function () {\r\n      track.scrollBy({\r\n        left: -getStep(),\r\n        behavior: 'smooth'\r\n      });\r\n    });\r\n\r\n    next.addEventListener('click', function () {\r\n      track.scrollBy({\r\n        left: getStep(),\r\n        behavior: 'smooth'\r\n      });\r\n    });\r\n  });\r\n});\r\n<\/script>\n\t\t<\/div>\n\t<\/div>\n<\/div><\/div><\/div><\/div><\/div>[\/vc_column][\/vc_row]\n<\/div>","protected":false},"excerpt":{"rendered":"","protected":false},"author":1,"featured_media":591,"parent":637,"menu_order":0,"comment_status":"closed","ping_status":"closed","template":"","meta":{"footnotes":""},"class_list":["post-633","page","type-page","status-publish","has-post-thumbnail","hentry","entry","no-media"],"_links":{"self":[{"href":"https:\/\/blancbleuhotels.com\/me\/wp-json\/wp\/v2\/pages\/633","targetHints":{"allow":["GET"]}}],"collection":[{"href":"https:\/\/blancbleuhotels.com\/me\/wp-json\/wp\/v2\/pages"}],"about":[{"href":"https:\/\/blancbleuhotels.com\/me\/wp-json\/wp\/v2\/types\/page"}],"author":[{"embeddable":true,"href":"https:\/\/blancbleuhotels.com\/me\/wp-json\/wp\/v2\/users\/1"}],"replies":[{"embeddable":true,"href":"https:\/\/blancbleuhotels.com\/me\/wp-json\/wp\/v2\/comments?post=633"}],"version-history":[{"count":4,"href":"https:\/\/blancbleuhotels.com\/me\/wp-json\/wp\/v2\/pages\/633\/revisions"}],"predecessor-version":[{"id":1682,"href":"https:\/\/blancbleuhotels.com\/me\/wp-json\/wp\/v2\/pages\/633\/revisions\/1682"}],"up":[{"embeddable":true,"href":"https:\/\/blancbleuhotels.com\/me\/wp-json\/wp\/v2\/pages\/637"}],"wp:featuredmedia":[{"embeddable":true,"href":"https:\/\/blancbleuhotels.com\/me\/wp-json\/wp\/v2\/media\/591"}],"wp:attachment":[{"href":"https:\/\/blancbleuhotels.com\/me\/wp-json\/wp\/v2\/media?parent=633"}],"curies":[{"name":"wp","href":"https:\/\/api.w.org\/{rel}","templated":true}]}}