{"id":981,"date":"2026-03-18T12:38:40","date_gmt":"2026-03-18T11:38:40","guid":{"rendered":"https:\/\/blancbleuhotels.com\/blanc-bleu-hotels-homepage\/"},"modified":"2026-03-26T15:51:31","modified_gmt":"2026-03-26T14:51:31","slug":"blanc-bleu-hotels-homepage","status":"publish","type":"page","link":"https:\/\/blancbleuhotels.com\/me\/","title":{"rendered":"BLANC BLEU HOTELS &#8211; Homepage"},"content":{"rendered":"<div class=\"wpb-content-wrapper\">[vc_row full_width=&#8221;stretch_row&#8221; content_placement=&#8221;middle&#8221; el_class=&#8221;hotels-rows&#8221; el_id=&#8221;about-us&#8221; local_scroll_id=&#8221;about-us&#8221;][vc_column width=&#8221;1\/2&#8243;][vc_column_text css=&#8221;&#8221; el_class=&#8221;hotels-heading&#8221;]O nama[\/vc_column_text][vc_column_text css=&#8221;&#8221; el_class=&#8221;hotels-divider&#8221;]__________[\/vc_column_text][vc_column_text css=&#8221;&#8221; el_class=&#8221;hotels-text&#8221;]Na\u0161a pri\u010da po\u010dinje uz more.<\/p>\n<p>Generacijama na\u0161a porodica \u017eivi u Boki Kotorskoj \u2014 oblikovana njenim pomorskim naslje\u0111em, kamenim ku\u0107ama, vinogradima i njenim posebnim ritmom.<br \/>\nMore za nas nikada nije bilo samo pogled.<\/p>\n<p>Bilo je na\u010din \u017eivota.<\/p>\n<p>Blanc &amp; Bleu je na\u0161 na\u010din da taj \u017eivot podijelimo sa Vama.<br \/>\nNa obalama na\u0161eg veli\u010danstvenog zaliva, za\u0161ti\u0107enog pod okriljem UNESCO-a, pa\u017eljivo smo sa\u010duvali na\u0161e istorijske primorske domove i pretvorili ih u intimne boutique hotele \u2014 \u010duvaju\u0107i njihovu du\u0161u, a oblikuju\u0107i ih za savremeni komfor.<\/p>\n<p>Ono \u0161to je nekada bilo na\u0161e naslje\u0111e, danas otvaramo svijetu.[\/vc_column_text][\/vc_column][vc_column width=&#8221;1\/2&#8243;]<div class=\"vcex-image-carousel wpex-carousel wpex-carousel-images wpex-clr vcex-module owl-carousel arrwstyle-border arrwpos-abs hotels-images\" data-wpex-carousel=\"{&quot;center&quot;:&quot;true&quot;,&quot;slideBy&quot;:1,&quot;items&quot;:1,&quot;responsive&quot;:{&quot;0&quot;:{&quot;items&quot;:&quot;1&quot;},&quot;480&quot;:{&quot;items&quot;:1},&quot;768&quot;:{&quot;items&quot;:1},&quot;960&quot;:{&quot;items&quot;:1}},&quot;smartSpeed&quot;:500}\"><div class=\"wpex-carousel-slide\"><figure class=\"wpex-carousel-entry-media entry-media wpex-relative\"><a href=\"https:\/\/blancbleuhotels.com\/images\/blancbleu-hotel-blance-15.webp\" class=\"wpex-carousel-entry-img wpex-lightbox\" data-count=\"1\" data-show_title=\"false\"><img width=\"1024\" height=\"682\" src=\"https:\/\/blancbleuhotels.com\/images\/blancbleu-hotel-blance-15.webp\" class=\"wpex-align-middle skip-lazy\" alt=\"\" data-no-lazy=\"1\" srcset=\"https:\/\/blancbleuhotels.com\/images\/blancbleu-hotel-blance-15.webp 1024w, https:\/\/blancbleuhotels.com\/images\/blancbleu-hotel-blance-15-768x512.webp 768w\" sizes=\"(max-width: 1024px) 100vw, 1024px\" \/><\/a><\/figure><\/div><div class=\"wpex-carousel-slide\"><figure class=\"wpex-carousel-entry-media entry-media wpex-relative\"><a href=\"https:\/\/blancbleuhotels.com\/images\/blancbleu-hotel-capitano-1.webp\" class=\"wpex-carousel-entry-img wpex-lightbox\" data-count=\"2\" data-show_title=\"false\"><img width=\"1024\" height=\"683\" src=\"https:\/\/blancbleuhotels.com\/images\/blancbleu-hotel-capitano-1.webp\" class=\"wpex-align-middle skip-lazy\" alt=\"\" data-no-lazy=\"1\" srcset=\"https:\/\/blancbleuhotels.com\/images\/blancbleu-hotel-capitano-1.webp 1024w, https:\/\/blancbleuhotels.com\/images\/blancbleu-hotel-capitano-1-768x512.webp 768w\" sizes=\"(max-width: 1024px) 100vw, 1024px\" \/><\/a><\/figure><\/div><\/div>[\/vc_column][\/vc_row][vc_row full_width=&#8221;stretch_row&#8221; content_placement=&#8221;middle&#8221; el_class=&#8221;hotels-rows1&#8243; local_scroll_id=&#8221;cousine&#8221; el_id=&#8221;cousine&#8221;][vc_column width=&#8221;1\/2&#8243;][vc_column_text css=&#8221;&#8221; el_class=&#8221;hotels-heading&#8221;]U \u0161ta vjerujemo[\/vc_column_text][vc_column_text css=&#8221;&#8221; el_class=&#8221;hotels-divider&#8221;]__________[\/vc_column_text][vc_column_text css=&#8221;&#8221; el_class=&#8221;hotels-text&#8221;]Vjerujemo da luksuz treba da bude li\u010dan.<br \/>\nVjerujemo da naslje\u0111e treba \u010duvati, a ne mijenjati.<br \/>\nVjerujemo da je gostoprimstvo najsna\u017enije kada dolazi iz srca.<\/p>\n<p>Ime na\u0161e porodice dugo je povezano sa Bokom \u2014 kroz pomorsku tradiciju, kulturni \u017eivot, sport, arhitekturu i vino. Kada smo stvarali Blanc &amp; Bleu, nijesmo \u017eeljeli da gradimo ne\u0161to novo. \u017deljeli smo da odamo po\u010dast onome \u0161to je ve\u0107 bilo na\u0161e.<\/p>\n<p>Kamen po kamen, detalj po detalj, sa\u010duvali smo i iznova osmislili.[\/vc_column_text][\/vc_column][vc_column width=&#8221;1\/2&#8243;]<div class=\"vcex-image-carousel wpex-carousel wpex-carousel-images wpex-clr vcex-module owl-carousel arrwstyle-border arrwpos-abs hotels-images\" data-wpex-carousel=\"{&quot;center&quot;:&quot;true&quot;,&quot;slideBy&quot;:1,&quot;items&quot;:1,&quot;responsive&quot;:{&quot;0&quot;:{&quot;items&quot;:&quot;1&quot;},&quot;480&quot;:{&quot;items&quot;:1},&quot;768&quot;:{&quot;items&quot;:1},&quot;960&quot;:{&quot;items&quot;:1}},&quot;smartSpeed&quot;:500}\"><div class=\"wpex-carousel-slide\"><figure class=\"wpex-carousel-entry-media entry-media wpex-relative\"><a href=\"https:\/\/blancbleuhotels.com\/images\/blancbleu-hotel-capitano-14.webp\" class=\"wpex-carousel-entry-img wpex-lightbox\" data-count=\"1\" data-show_title=\"false\"><img width=\"1024\" height=\"683\" src=\"https:\/\/blancbleuhotels.com\/images\/blancbleu-hotel-capitano-14.webp\" class=\"wpex-align-middle skip-lazy\" alt=\"\" data-no-lazy=\"1\" srcset=\"https:\/\/blancbleuhotels.com\/images\/blancbleu-hotel-capitano-14.webp 1024w, https:\/\/blancbleuhotels.com\/images\/blancbleu-hotel-capitano-14-768x512.webp 768w\" sizes=\"(max-width: 1024px) 100vw, 1024px\" \/><\/a><\/figure><\/div><div class=\"wpex-carousel-slide\"><figure class=\"wpex-carousel-entry-media entry-media wpex-relative\"><a href=\"https:\/\/blancbleuhotels.com\/images\/blancbleu-hotel-blance-19-1.webp\" class=\"wpex-carousel-entry-img wpex-lightbox\" data-count=\"2\" data-show_title=\"false\"><img width=\"1024\" height=\"682\" src=\"https:\/\/blancbleuhotels.com\/images\/blancbleu-hotel-blance-19-1.webp\" class=\"wpex-align-middle skip-lazy\" alt=\"\" data-no-lazy=\"1\" srcset=\"https:\/\/blancbleuhotels.com\/images\/blancbleu-hotel-blance-19-1.webp 1024w, https:\/\/blancbleuhotels.com\/images\/blancbleu-hotel-blance-19-1-768x512.webp 768w\" sizes=\"(max-width: 1024px) 100vw, 1024px\" \/><\/a><\/figure><\/div><div class=\"wpex-carousel-slide\"><figure class=\"wpex-carousel-entry-media entry-media wpex-relative\"><a href=\"https:\/\/blancbleuhotels.com\/images\/blancbleu-hotel-capitano-33.webp\" class=\"wpex-carousel-entry-img wpex-lightbox\" data-count=\"3\" data-show_title=\"false\"><img width=\"1024\" height=\"683\" src=\"https:\/\/blancbleuhotels.com\/images\/blancbleu-hotel-capitano-33.webp\" class=\"wpex-align-middle skip-lazy\" alt=\"\" data-no-lazy=\"1\" srcset=\"https:\/\/blancbleuhotels.com\/images\/blancbleu-hotel-capitano-33.webp 1024w, https:\/\/blancbleuhotels.com\/images\/blancbleu-hotel-capitano-33-768x512.webp 768w\" sizes=\"(max-width: 1024px) 100vw, 1024px\" \/><\/a><\/figure><\/div><div class=\"wpex-carousel-slide\"><figure class=\"wpex-carousel-entry-media entry-media wpex-relative\"><a href=\"https:\/\/blancbleuhotels.com\/images\/blancbleu-hotel-capitano-4-1.webp\" class=\"wpex-carousel-entry-img wpex-lightbox\" data-count=\"4\" data-show_title=\"false\"><img width=\"1024\" height=\"682\" src=\"https:\/\/blancbleuhotels.com\/images\/blancbleu-hotel-capitano-4-1.webp\" class=\"wpex-align-middle skip-lazy\" alt=\"\" data-no-lazy=\"1\" srcset=\"https:\/\/blancbleuhotels.com\/images\/blancbleu-hotel-capitano-4-1.webp 1024w, https:\/\/blancbleuhotels.com\/images\/blancbleu-hotel-capitano-4-1-768x512.webp 768w\" sizes=\"(max-width: 1024px) 100vw, 1024px\" \/><\/a><\/figure><\/div><\/div>[\/vc_column][\/vc_row][vc_row full_width=&#8221;stretch_row&#8221; content_placement=&#8221;middle&#8221; el_class=&#8221;hotels-rows&#8221; local_scroll_id=&#8221;mne&#8221; el_id=&#8221;mne&#8221;][vc_column][vc_column_text css=&#8221;&#8221; el_class=&#8221;hotels-heading&#8221;]Na\u0161a kolekcija[\/vc_column_text][vc_column_text css=&#8221;&#8221; el_class=&#8221;hotels-divider&#8221;]__________[\/vc_column_text][vc_column_text css=&#8221;&#8221; el_class=&#8221;hotels-text&#8221;]<strong>Boutique Hotel Capitano<\/strong><\/p>\n<p>Kapetanska ku\u0107a iz XVIII vijeka, smje\u0161tena u istorijskom jezgru Kamenara.<br \/>\nIntiman i autenti\u010dan ambijent, okru\u017een kamenom i ti\u0161inom \u2014 sa skrivenim vrtom i bazenom, privatnom vinarijom i neponovljivim \u0161armom.<\/p>\n<p>&nbsp;<\/p>\n<p><strong>Boutique Hotel Blanche<\/strong><\/p>\n<p>Savremeno primorsko uto\u010di\u0161te uz more u Bijeloj.<br \/>\nSvijetle sobe sa pogledom na more, dizajnirane za primorski mir, svega nekoliko koraka od pla\u017ee \u2014 uz diskretne wellness prostore idealne za opu\u0161tanje.<\/p>\n<p>&nbsp;<\/p>\n<p>Svaki hotel ima svoj karakter.<br \/>\nOba odra\u017eavaju ono \u0161to jesmo.<\/p>\n<p><em>Pri\u010da iza dizajna<\/em><\/p>\n<p><em>Glavni arhitekta na\u0161e hotele vidi kao dvije generacije iste ugledne ku\u0107e \u2014Capitano kao dostojanstvenu staru damu, Blanche kao njenu mladu i svijetlu k\u0107erku \u2014 obje oblikovane istim naslje\u0111em.<\/em>[\/vc_column_text][\/vc_column][vc_column offset=&#8221;vc_col-sm-offset-0&#8243;]<div class=\"templatera_shortcode\"><style type=\"text\/css\" data-type=\"vc_shortcodes-custom-css\">.vc_custom_1775031927140{padding-top: 50px !important;padding-bottom: 50px !important;}.vc_custom_1775031939521{padding-top: 50px !important;padding-bottom: 50px !important;}<\/style><div class=\"vc_row wpb_row vc_row-fluid wpex-relative\"><div class=\"wpb_column vc_column_container vc_col-sm-12\"><div class=\"vc_column-inner\"><div class=\"wpb_wrapper\"><div class=\"vcex-grid-container vcex-module wpex-grid wpex-gap-20 wpex-grid-cols-1 wpex-lg-grid-cols-2 wpex-mb-0\">\n\t<div class=\"wpb_raw_code wpb_raw_html wpb_content_element vc_custom_1775031927140\" >\n\t\t<div class=\"wpb_wrapper\">\n\t\t\t<div class=\"hotel-room-grid-item\">\r\n    <div class=\"hotel-room-box\">\r\n        <img src=\"https:\/\/blancbleuhotels.com\/images\/blancbleu-hotel-capitano-3.webp\" alt=\"Hotel Capitano\" class=\"hotel-room-image\">\r\n        <div class=\"hotel-room-overlay\"><\/div>\r\n        <div class=\"hotel-room-content\">\r\n            <h3 class=\"hotels-heading-rooms\">Hotel Capitano<\/h3>\r\n            <p class=\"hotels-text-rooms\">Kamenari, Montenegro<\/p>\r\n            <a href=\"https:\/\/blancbleuhotels.com\/me\/hotel-capitano\/\" class=\"rooms-look\">POGLEDAJ<\/a>\r\n            <a href=\"https:\/\/secure.phobs.net\/book.php?company_id=0c71d079f737a2cc375b3f423b8a0e2c&hotel=77d944e4832fa6765c8aefa965ee6c67&lang=me\" class=\"rooms-reserve\" target=\"_blank\" rel=\"sponsored follow\">REZERVI\u0160I<\/a>\r\n        <\/div>\r\n    <\/div>\r\n<\/div>\n\t\t<\/div>\n\t<\/div>\n\n\t<div class=\"wpb_raw_code wpb_raw_html wpb_content_element vc_custom_1775031939521\" >\n\t\t<div class=\"wpb_wrapper\">\n\t\t\t<div class=\"hotel-room-grid-item\">\r\n    <div class=\"hotel-room-box\">\r\n        <img src=\"https:\/\/blancbleuhotels.com\/images\/blancbleu-hotel-blance-27.JPEG.webp\" alt=\"Hotel Blanche\" class=\"hotel-room-image\">\r\n        <div class=\"hotel-room-overlay\"><\/div>\r\n        <div class=\"hotel-room-content\">\r\n            <h3 class=\"hotels-heading-rooms\">Hotel Blanche<\/h3>\r\n            <p class=\"hotels-text-rooms\">Bijela, Montenegro<\/p>\r\n            <a href=\"https:\/\/blancbleuhotels.com\/me\/hotel-blanche\/\" class=\"rooms-look\">POGLEDAJ<\/a>\r\n            <a href=\"https:\/\/secure.phobs.net\/book.php?company_id=0c71d079f737a2cc375b3f423b8a0e2c&hotel=dc8b58fc38811ae45468a256793f214c&lang=me\" class=\"rooms-reserve\" target=\"_blank\" rel=\"sponsored follow\">REZERVI\u0160I<\/a>\r\n        <\/div>\r\n    <\/div>\r\n<\/div>\n\t\t<\/div>\n\t<\/div>\n<\/div><\/div><\/div><\/div><\/div><\/div>[\/vc_column][\/vc_row][vc_row full_width=&#8221;stretch_row&#8221; content_placement=&#8221;middle&#8221; el_class=&#8221;hotels-rows1&#8243; local_scroll_id=&#8221;cousine&#8221;][vc_column width=&#8221;1\/2&#8243;][vc_column_text css=&#8221;&#8221; el_class=&#8221;hotels-heading&#8221;]Ukus na\u0161eg naslje\u0111a[\/vc_column_text][vc_column_text css=&#8221;&#8221; el_class=&#8221;hotels-divider&#8221;]__________[\/vc_column_text][vc_column_text css=&#8221;&#8221; el_class=&#8221;hotels-text&#8221;]Vino je dio porodi\u010dne tradicije generacijama. Danas tu pri\u010du nastavljamo kroz na\u0161u etiketu \u201eMe\u0111e\u201c i pa\u017eljivo osmi\u0161ljene degustacije za na\u0161e goste.[\/vc_column_text][\/vc_column][vc_column width=&#8221;1\/2&#8243;]<div class=\"vcex-image-carousel wpex-carousel wpex-carousel-images wpex-clr vcex-module owl-carousel arrwstyle-border arrwpos-abs hotels-images\" data-wpex-carousel=\"{&quot;center&quot;:&quot;true&quot;,&quot;slideBy&quot;:1,&quot;items&quot;:1,&quot;responsive&quot;:{&quot;0&quot;:{&quot;items&quot;:&quot;1&quot;},&quot;480&quot;:{&quot;items&quot;:1},&quot;768&quot;:{&quot;items&quot;:1},&quot;960&quot;:{&quot;items&quot;:1}},&quot;smartSpeed&quot;:500}\"><div class=\"wpex-carousel-slide\"><figure class=\"wpex-carousel-entry-media entry-media wpex-relative\"><a href=\"https:\/\/blancbleuhotels.com\/images\/blancbleu-hotel-blance-21.JPEG.webp\" class=\"wpex-carousel-entry-img wpex-lightbox\" data-count=\"1\" data-show_title=\"false\"><img width=\"1024\" height=\"682\" src=\"https:\/\/blancbleuhotels.com\/images\/blancbleu-hotel-blance-21.JPEG.webp\" class=\"wpex-align-middle skip-lazy\" alt=\"\" data-no-lazy=\"1\" srcset=\"https:\/\/blancbleuhotels.com\/images\/blancbleu-hotel-blance-21.JPEG.webp 1024w, https:\/\/blancbleuhotels.com\/images\/blancbleu-hotel-blance-21.JPEG-768x512.webp 768w\" sizes=\"(max-width: 1024px) 100vw, 1024px\" \/><\/a><\/figure><\/div><div class=\"wpex-carousel-slide\"><figure class=\"wpex-carousel-entry-media entry-media wpex-relative\"><a href=\"https:\/\/blancbleuhotels.com\/images\/blancbleu-hotel-blance-26.JPEG.webp\" class=\"wpex-carousel-entry-img wpex-lightbox\" data-count=\"2\" data-show_title=\"false\"><img width=\"1024\" height=\"682\" src=\"https:\/\/blancbleuhotels.com\/images\/blancbleu-hotel-blance-26.JPEG.webp\" class=\"wpex-align-middle skip-lazy\" alt=\"\" data-no-lazy=\"1\" srcset=\"https:\/\/blancbleuhotels.com\/images\/blancbleu-hotel-blance-26.JPEG.webp 1024w, https:\/\/blancbleuhotels.com\/images\/blancbleu-hotel-blance-26.JPEG-768x512.webp 768w\" sizes=\"(max-width: 1024px) 100vw, 1024px\" \/><\/a><\/figure><\/div><div class=\"wpex-carousel-slide\"><figure class=\"wpex-carousel-entry-media entry-media wpex-relative\"><a href=\"https:\/\/blancbleuhotels.com\/images\/blancbleu-hotel-capitano-20.webp\" class=\"wpex-carousel-entry-img wpex-lightbox\" data-count=\"3\" data-show_title=\"false\"><img width=\"1024\" height=\"683\" src=\"https:\/\/blancbleuhotels.com\/images\/blancbleu-hotel-capitano-20.webp\" class=\"wpex-align-middle skip-lazy\" alt=\"\" data-no-lazy=\"1\" srcset=\"https:\/\/blancbleuhotels.com\/images\/blancbleu-hotel-capitano-20.webp 1024w, https:\/\/blancbleuhotels.com\/images\/blancbleu-hotel-capitano-20-768x512.webp 768w\" sizes=\"(max-width: 1024px) 100vw, 1024px\" \/><\/a><\/figure><\/div><div class=\"wpex-carousel-slide\"><figure class=\"wpex-carousel-entry-media entry-media wpex-relative\"><a href=\"https:\/\/blancbleuhotels.com\/images\/blancbleu-hotel-blance-14.webp\" class=\"wpex-carousel-entry-img wpex-lightbox\" data-count=\"4\" data-show_title=\"false\"><img width=\"1024\" height=\"683\" src=\"https:\/\/blancbleuhotels.com\/images\/blancbleu-hotel-blance-14.webp\" class=\"wpex-align-middle skip-lazy\" alt=\"\" data-no-lazy=\"1\" srcset=\"https:\/\/blancbleuhotels.com\/images\/blancbleu-hotel-blance-14.webp 1024w, https:\/\/blancbleuhotels.com\/images\/blancbleu-hotel-blance-14-768x512.webp 768w\" sizes=\"(max-width: 1024px) 100vw, 1024px\" \/><\/a><\/figure><\/div><\/div>[\/vc_column][\/vc_row][vc_row full_width=&#8221;stretch_row&#8221; content_placement=&#8221;middle&#8221; el_class=&#8221;hotels-rows&#8221; local_scroll_id=&#8221;mne&#8221;][vc_column width=&#8221;1\/2&#8243;][vc_column_text css=&#8221;&#8221; el_class=&#8221;hotels-heading&#8221;]Na\u0161e obe\u0107anje Vama[\/vc_column_text][vc_column_text css=&#8221;&#8221; el_class=&#8221;hotels-divider&#8221;]__________[\/vc_column_text][vc_column_text css=&#8221;&#8221; el_class=&#8221;hotels-text&#8221;]Za nas, gostoprimstvo nije transakcija.<br \/>\nOno je li\u010dno.<\/p>\n<p>Kada boravite kod nas, ne ulazite u lanac hotela.<br \/>\nUlazite u dom oblikovan istorijom, pa\u017enjom i ponosom.[\/vc_column_text][\/vc_column][vc_column width=&#8221;1\/2&#8243;]<div class=\"vcex-image-carousel wpex-carousel wpex-carousel-images wpex-clr vcex-module owl-carousel arrwstyle-border arrwpos-abs hotels-images\" data-wpex-carousel=\"{&quot;center&quot;:&quot;true&quot;,&quot;slideBy&quot;:1,&quot;items&quot;:1,&quot;responsive&quot;:{&quot;0&quot;:{&quot;items&quot;:&quot;1&quot;},&quot;480&quot;:{&quot;items&quot;:1},&quot;768&quot;:{&quot;items&quot;:1},&quot;960&quot;:{&quot;items&quot;:1}},&quot;smartSpeed&quot;:500}\"><div class=\"wpex-carousel-slide\"><figure class=\"wpex-carousel-entry-media entry-media wpex-relative\"><a href=\"https:\/\/blancbleuhotels.com\/images\/blancbleu-hotel-capitano-26.webp\" class=\"wpex-carousel-entry-img wpex-lightbox\" data-count=\"1\" data-show_title=\"false\"><img width=\"1024\" height=\"683\" src=\"https:\/\/blancbleuhotels.com\/images\/blancbleu-hotel-capitano-26.webp\" class=\"wpex-align-middle skip-lazy\" alt=\"\" data-no-lazy=\"1\" srcset=\"https:\/\/blancbleuhotels.com\/images\/blancbleu-hotel-capitano-26.webp 1024w, https:\/\/blancbleuhotels.com\/images\/blancbleu-hotel-capitano-26-768x512.webp 768w\" sizes=\"(max-width: 1024px) 100vw, 1024px\" \/><\/a><\/figure><\/div><div class=\"wpex-carousel-slide\"><figure class=\"wpex-carousel-entry-media entry-media wpex-relative\"><a href=\"https:\/\/blancbleuhotels.com\/images\/blancbleu-hotel-capitano-2.webp\" class=\"wpex-carousel-entry-img wpex-lightbox\" data-count=\"2\" data-show_title=\"false\"><img width=\"1024\" height=\"683\" src=\"https:\/\/blancbleuhotels.com\/images\/blancbleu-hotel-capitano-2.webp\" class=\"wpex-align-middle skip-lazy\" alt=\"\" data-no-lazy=\"1\" srcset=\"https:\/\/blancbleuhotels.com\/images\/blancbleu-hotel-capitano-2.webp 1024w, https:\/\/blancbleuhotels.com\/images\/blancbleu-hotel-capitano-2-768x512.webp 768w\" sizes=\"(max-width: 1024px) 100vw, 1024px\" \/><\/a><\/figure><\/div><div class=\"wpex-carousel-slide\"><figure class=\"wpex-carousel-entry-media entry-media wpex-relative\"><a href=\"https:\/\/blancbleuhotels.com\/images\/blancbleu-hotel-blance-6.webp\" class=\"wpex-carousel-entry-img wpex-lightbox\" data-count=\"3\" data-show_title=\"false\"><img width=\"1024\" height=\"683\" src=\"https:\/\/blancbleuhotels.com\/images\/blancbleu-hotel-blance-6.webp\" class=\"wpex-align-middle skip-lazy\" alt=\"\" data-no-lazy=\"1\" srcset=\"https:\/\/blancbleuhotels.com\/images\/blancbleu-hotel-blance-6.webp 1024w, https:\/\/blancbleuhotels.com\/images\/blancbleu-hotel-blance-6-768x512.webp 768w\" sizes=\"(max-width: 1024px) 100vw, 1024px\" \/><\/a><\/figure><\/div><div class=\"wpex-carousel-slide\"><figure class=\"wpex-carousel-entry-media entry-media wpex-relative\"><a href=\"https:\/\/blancbleuhotels.com\/images\/blancbleu-hotel-blance-7.webp\" class=\"wpex-carousel-entry-img wpex-lightbox\" data-count=\"4\" data-show_title=\"false\"><img width=\"1024\" height=\"683\" src=\"https:\/\/blancbleuhotels.com\/images\/blancbleu-hotel-blance-7.webp\" class=\"wpex-align-middle skip-lazy\" alt=\"\" data-no-lazy=\"1\" srcset=\"https:\/\/blancbleuhotels.com\/images\/blancbleu-hotel-blance-7.webp 1024w, https:\/\/blancbleuhotels.com\/images\/blancbleu-hotel-blance-7-768x512.webp 768w\" sizes=\"(max-width: 1024px) 100vw, 1024px\" \/><\/a><\/figure><\/div><\/div>[\/vc_column][\/vc_row][vc_row full_width=&#8221;stretch_row&#8221; content_placement=&#8221;middle&#8221; el_class=&#8221;hotels-rows1&#8243; local_scroll_id=&#8221;cousine&#8221;][vc_column][vc_column_text css=&#8221;&#8221; el_class=&#8221;hotels-heading&#8221; text_align=&#8221;center&#8221;]Dobro do\u0161li u Blanc &amp; Bleu[\/vc_column_text][vc_column_text css=&#8221;&#8221; el_class=&#8221;hotels-divider&#8221; text_align=&#8221;center&#8221;]__________[\/vc_column_text][vc_column_text css=&#8221;&#8221; el_class=&#8221;hotels-text&#8221; text_align=&#8221;center&#8221;]Porodica Zlokovi\u0107[\/vc_column_text][\/vc_column][\/vc_row]\n<\/div>","protected":false},"excerpt":{"rendered":"","protected":false},"author":1,"featured_media":591,"parent":0,"menu_order":0,"comment_status":"closed","ping_status":"closed","template":"","meta":{"footnotes":""},"class_list":["post-981","page","type-page","status-publish","has-post-thumbnail","hentry","entry","no-media"],"_links":{"self":[{"href":"https:\/\/blancbleuhotels.com\/me\/wp-json\/wp\/v2\/pages\/981","targetHints":{"allow":["GET"]}}],"collection":[{"href":"https:\/\/blancbleuhotels.com\/me\/wp-json\/wp\/v2\/pages"}],"about":[{"href":"https:\/\/blancbleuhotels.com\/me\/wp-json\/wp\/v2\/types\/page"}],"author":[{"embeddable":true,"href":"https:\/\/blancbleuhotels.com\/me\/wp-json\/wp\/v2\/users\/1"}],"replies":[{"embeddable":true,"href":"https:\/\/blancbleuhotels.com\/me\/wp-json\/wp\/v2\/comments?post=981"}],"version-history":[{"count":8,"href":"https:\/\/blancbleuhotels.com\/me\/wp-json\/wp\/v2\/pages\/981\/revisions"}],"predecessor-version":[{"id":1718,"href":"https:\/\/blancbleuhotels.com\/me\/wp-json\/wp\/v2\/pages\/981\/revisions\/1718"}],"wp:featuredmedia":[{"embeddable":true,"href":"https:\/\/blancbleuhotels.com\/me\/wp-json\/wp\/v2\/media\/591"}],"wp:attachment":[{"href":"https:\/\/blancbleuhotels.com\/me\/wp-json\/wp\/v2\/media?parent=981"}],"curies":[{"name":"wp","href":"https:\/\/api.w.org\/{rel}","templated":true}]}}